{"id":7,"date":"2021-05-19T20:31:09","date_gmt":"2021-05-19T20:31:09","guid":{"rendered":"https:\/\/wir-in-westmittelfranken.de\/blog\/?page_id=7"},"modified":"2024-04-25T10:56:43","modified_gmt":"2024-04-25T08:56:43","slug":"contact","status":"publish","type":"page","link":"https:\/\/wir-in-westmittelfranken.de\/blog\/?page_id=7","title":{"rendered":"Impressum"},"content":{"rendered":"\n<h3 class=\"wp-block-heading\">wir-in-westmittelfranken.de<\/h3>\n\n\n\n<p>Wir sind die Vertrauensleute der IG Metall im Gemeinschaftsbetrieb der Atos &amp; Eviden in F\u00fcrth.<\/p>\n\n\n\n<p>IG Metall Vertrauensleute Atos &amp; Eviden<br>W\u00fcrzburger Stra\u00dfe 121<br>90766 F\u00fcrth<\/p>\n\n\n\n<p>Schreib uns eine E-Mail: <br><a href=\"mailto:atos-vertrauensleute@wir-in-westmittelfranken.de\">atos-vertrauensleute@wir-in-westmittelfranken.de<\/a><br><a href=\"mailto:eviden-vertrauensleute@wir-in-westmittelfranken.de\">eviden-vertrauensleute@wir-in-westmittelfranken.de<\/a><\/p>\n\n\n<div class=\"wp-block-image\">\n<figure class=\"aligncenter size-large\"><img loading=\"lazy\" decoding=\"async\" width=\"207\" height=\"205\" src=\"https:\/\/wir-in-westmittelfranken.de\/blog\/wp-content\/uploads\/2021\/05\/wmf-1.png\" alt=\"\" class=\"wp-image-68\" srcset=\"https:\/\/wir-in-westmittelfranken.de\/blog\/wp-content\/uploads\/2021\/05\/wmf-1.png 207w, https:\/\/wir-in-westmittelfranken.de\/blog\/wp-content\/uploads\/2021\/05\/wmf-1-150x150.png 150w\" sizes=\"auto, (max-width: 207px) 100vw, 207px\" \/><\/figure>\n<\/div>\n\n\n<h2 class=\"wp-block-heading\">V.i.S.d.P.\/Verantwortlich nach \u00a7 18 Abs. 2 MStV:<\/h2>\n\n\n\n<p>Jan K\u00f6rper<br>IG Metall Westmittelfranken<br>Bahnhofsplatz 13<br>91522 Ansbach<br><br>Kontakt: <br><a href=\"mailto:westmittelfranken@igmetall.de\">westmittelfranken@igmetall.de<\/a><\/p>\n","protected":false},"excerpt":{"rendered":"<p>wir-in-westmittelfranken.de Wir sind die Vertrauensleute der IG Metall im Gemeinschaftsbetrieb der Atos &amp; Eviden in F\u00fcrth. IG Metall Vertrauensleute Atos &amp; EvidenW\u00fcrzburger Stra\u00dfe 12190766 F\u00fcrth Schreib uns eine E-Mail: atos-vertrauensleute@wir-in-westmittelfranken.deeviden-vertrauensleute@wir-in-westmittelfranken.de V.i.S.d.P.\/Verantwortlich nach \u00a7 18 Abs. 2 MStV: Jan K\u00f6rperIG Metall WestmittelfrankenBahnhofsplatz 1391522 Ansbach Kontakt: westmittelfranken@igmetall.de<\/p>\n","protected":false},"author":1,"featured_media":0,"parent":0,"menu_order":0,"comment_status":"closed","ping_status":"closed","template":"","meta":{"footnotes":""},"class_list":["post-7","page","type-page","status-publish","hentry"],"_links":{"self":[{"href":"https:\/\/wir-in-westmittelfranken.de\/blog\/index.php?rest_route=\/wp\/v2\/pages\/7","targetHints":{"allow":["GET"]}}],"collection":[{"href":"https:\/\/wir-in-westmittelfranken.de\/blog\/index.php?rest_route=\/wp\/v2\/pages"}],"about":[{"href":"https:\/\/wir-in-westmittelfranken.de\/blog\/index.php?rest_route=\/wp\/v2\/types\/page"}],"author":[{"embeddable":true,"href":"https:\/\/wir-in-westmittelfranken.de\/blog\/index.php?rest_route=\/wp\/v2\/users\/1"}],"replies":[{"embeddable":true,"href":"https:\/\/wir-in-westmittelfranken.de\/blog\/index.php?rest_route=%2Fwp%2Fv2%2Fcomments&post=7"}],"version-history":[{"count":14,"href":"https:\/\/wir-in-westmittelfranken.de\/blog\/index.php?rest_route=\/wp\/v2\/pages\/7\/revisions"}],"predecessor-version":[{"id":466,"href":"https:\/\/wir-in-westmittelfranken.de\/blog\/index.php?rest_route=\/wp\/v2\/pages\/7\/revisions\/466"}],"wp:attachment":[{"href":"https:\/\/wir-in-westmittelfranken.de\/blog\/index.php?rest_route=%2Fwp%2Fv2%2Fmedia&parent=7"}],"curies":[{"name":"wp","href":"https:\/\/api.w.org\/{rel}","templated":true}]}}